{"id":26046089,"date":"2024-05-15T08:41:32","date_gmt":"2024-05-15T06:41:32","guid":{"rendered":"https:\/\/www.hotel-boehler.com\/imprint\/"},"modified":"2024-08-14T12:01:16","modified_gmt":"2024-08-14T10:01:16","slug":"imprint","status":"publish","type":"page","link":"https:\/\/www.hotel-boehler.com\/en\/imprint\/","title":{"rendered":"Imprint"},"content":{"rendered":"<p>[et_pb_section fb_built=&#8221;1&#8243; _builder_version=&#8221;4.25.1&#8243; _module_preset=&#8221;default&#8221; custom_padding=&#8221;20px||150px||false|false&#8221; global_colors_info=&#8221;{}&#8221;][et_pb_row _builder_version=&#8221;4.24.3&#8243; _module_preset=&#8221;default&#8221; global_colors_info=&#8221;{}&#8221;][et_pb_column type=&#8221;4_4&#8243; _builder_version=&#8221;4.24.3&#8243; _module_preset=&#8221;default&#8221; global_colors_info=&#8221;{}&#8221;][et_pb_text admin_label=&#8221;\u00dcberschrift schwarz&#8221; module_class=&#8221;serif&#8221; _builder_version=&#8221;4.24.3&#8243; _module_preset=&#8221;default&#8221; custom_margin=&#8221;||20px||false|false&#8221; custom_css_free_form=&#8221;selector h1 {||  padding-bottom: 0;||}&#8221; global_colors_info=&#8221;{}&#8221;]<\/p>\n<h1>Imprint<\/h1>\n<p>[\/et_pb_text][et_pb_text admin_label=&#8221;Impressum&#8221; _builder_version=&#8221;4.27.0&#8243; _module_preset=&#8221;default&#8221; max_width=&#8221;1000px&#8221; module_alignment=&#8221;left&#8221; custom_margin=&#8221;||100px||false|false&#8221; hover_enabled=&#8221;0&#8243; global_colors_info=&#8221;{}&#8221; sticky_enabled=&#8221;0&#8243;]<\/p>\n<p>Hotel B\u00f6hler GmbH<br \/>Postplatz 17<br \/>71032 B\u00f6blingen<\/p>\n<p>Commercial Register: HRB 246038<br \/>Registration court: Amtsgericht Stuttgart<\/p>\n<p><strong>Represented by:<\/strong><br \/>Manuel B\u00f6hler<\/p>\n<p>&nbsp;<\/p>\n<h2>Contact<\/h2>\n<p>Phone: +49(0) 7031 \/ 46 04-0<br \/>Telefax: +49(0) 7031 \/ 22 61 68<br \/>E-mail: mail@hotel-boehler.com<\/p>\n<p>&nbsp;<\/p>\n<h2>VAT ID<\/h2>\n<p>Sales tax identification number according to Sect. 27 a of the Sales Tax Law:<br \/>DE 814421830<\/p>\n<p>&nbsp;<\/p>\n<h2>EU dispute resolution<\/h2>\n<p>The European Commission provides a platform for online dispute resolution (ODR): <a href=\"https:\/\/ec.europa.eu\/consumers\/odr\/\" target=\"_blank\" rel=\"noopener noreferrer\">https:\/\/ec.europa.eu\/consumers\/odr\/<\/a>.<br \/>Our e-mail address can be found above in the site notice.<\/p>\n<p>&nbsp;<\/p>\n<h2>Dispute resolution proceedings in front of a consumer arbitration board<\/h2>\n<p>We are not willing or obliged to participate in dispute resolution proceedings in front of a consumer arbitration board.<\/p>\n<p>&nbsp;<\/p>\n<h2>Realization<\/h2>\n<p>kr\u00e4hativ design, Werbeagentur Heidenheim<br \/><a href=\"https:\/\/www.kraehativ-design.de\/\" target=\"_blank\" rel=\"noopener\">www.kraehativ-design.de<\/a><\/p>\n<p>&nbsp;<\/p>\n<h2>Image sources<\/h2>\n<p><a href=\"https:\/\/www.hotel-boehler.com\/\"><a href=\"https:\/\/www.hotel-boehler.com\/\">www.hotel-boehler.com<\/a><\/a><\/p>\n<p>&nbsp;<\/p>\n<p>[\/et_pb_text][et_pb_text admin_label=&#8221;\u00dcberschrift schwarz&#8221; module_class=&#8221;serif&#8221; _builder_version=&#8221;4.25.1&#8243; _module_preset=&#8221;default&#8221; custom_margin=&#8221;||20px||false|false&#8221; custom_css_free_form=&#8221;selector h1 {||  padding-bottom: 0;||}&#8221; global_colors_info=&#8221;{}&#8221;]<\/p>\n<h1>Disclaimer<\/h1>\n<p>(Disclaimer)<\/p>\n<h1><\/h1>\n<p>[\/et_pb_text][et_pb_text admin_label=&#8221;HAFTUNGSAUSSCHLUSS&#8221; _builder_version=&#8221;4.25.1&#8243; _module_preset=&#8221;default&#8221; max_width=&#8221;1000px&#8221; module_alignment=&#8221;left&#8221; custom_margin=&#8221;||20px||false|false&#8221; global_colors_info=&#8221;{}&#8221;]<\/p>\n<h2>Responsibility for Contents<\/h2>\n<p>We are a provider of services and thus under section 7 para. 1 MG we are responsible for our own contents on these pages under general law. Under sections 8 to 10 TMG however, we, being service provider, are not obliged to survey transmitted or stored information of others or to investigate any circumstances that point towards any unlawful activity. Any obligation to remove or to block the use of information under general law remains unaffected in this regard. Any corresponding responsibility is only possible after the point in time of knowledge of a concrete violation of the law. As soon as we gain knowledge of corresponding violations of the law, we will remove these contents immediately.    <\/p>\n<p>&nbsp;<\/p>\n<h2>Responsibility for Links<\/h2>\n<p>Our offer includes links to external websites of third parties and we have no influence on their contents. This is the reason why we cannot assume any responsibility for these contents of third parties. It is always the corresponding provider or operator of pages that is responsible for contents of the linked pages. At the time of establishing the link, the linked pages were checked regarding possible violations of the law. At the time of establishing the link no violations of the law were recognizable. Any permanent control of contents of the linked pages would not be tolerable without any concrete indication of a violation of the law. As soon as we get knowledge of violations of the law we will remove such links immediately.     <\/p>\n<p>&nbsp;<\/p>\n<h2>Copyright<\/h2>\n<p>Contents and works on these pages that were created by the operator of the page are subject to German Copyright. Any reproduction, processing, distribution, and any type of use beyond limitations of the copyright require written consent of the respective author or producer. Downloads and copies of this page are only permitted for private and not for commercial use. Should contents on this page not have been produced by the operator of the page, copyrights of any third parties will be respected. In particular, contents of third parties are marked as such. If nevertheless you should recognize any violation of copyright, we ask you to inform us correspondingly. Upon becoming aware of any violation of the law, we will remove these contents immediately.     <\/p>\n<p>&nbsp;<\/p>\n<h2>Source<\/h2>\n<p>http:\/\/www.e-recht24.de<\/p>\n<p>[\/et_pb_text][\/et_pb_column][\/et_pb_row][\/et_pb_section]<\/p>\n","protected":false},"excerpt":{"rendered":"<p>ImprintHotel B\u00f6hler GmbHPostplatz 1771032 B\u00f6blingen Commercial Register: HRB 246038Registration court: Amtsgericht Stuttgart Represented by:Manuel B\u00f6hler &nbsp; Contact Phone: +49(0) 7031 \/ 46 04-0Telefax: +49(0) 7031 \/ 22 61 68E-mail: mail@hotel-boehler.com &nbsp; VAT ID Sales tax identification number according to Sect. 27 a of the Sales Tax Law:DE 814421830 &nbsp; EU dispute resolution The European Commission [&hellip;]<\/p>\n","protected":false},"author":1,"featured_media":0,"parent":0,"menu_order":0,"comment_status":"closed","ping_status":"closed","template":"","meta":{"_acf_changed":false,"_et_pb_use_builder":"on","_et_pb_old_content":"","_et_gb_content_width":"","footnotes":""},"dipi_cpt_category":[],"class_list":["post-26046089","page","type-page","status-publish","hentry"],"acf":[],"yoast_head":"<!-- This site is optimized with the Yoast SEO plugin v27.5 - https:\/\/yoast.com\/product\/yoast-seo-wordpress\/ -->\n<title>Imprint - Hotel B\u00f6hler<\/title>\n<meta name=\"description\" content=\"Here you will find the imprint of the Hotel B\u00f6hler in B\u00f6blingen. This includes all important and necessary information about the hotel.\" \/>\n<meta name=\"robots\" content=\"index, follow, max-snippet:-1, max-image-preview:large, max-video-preview:-1\" \/>\n<link rel=\"canonical\" href=\"https:\/\/www.hotel-boehler.com\/en\/imprint\/\" \/>\n<meta property=\"og:locale\" content=\"en_US\" \/>\n<meta property=\"og:type\" content=\"article\" \/>\n<meta property=\"og:title\" content=\"Imprint - Hotel B\u00f6hler\" \/>\n<meta property=\"og:description\" content=\"Here you will find the imprint of the Hotel B\u00f6hler in B\u00f6blingen. This includes all important and necessary information about the hotel.\" \/>\n<meta property=\"og:site_name\" content=\"Hotel B\u00f6hler\" \/>\n<meta property=\"article:publisher\" content=\"https:\/\/de-de.facebook.com\/boehlerampostplatz\/\" \/>\n<meta property=\"article:modified_time\" content=\"2024-08-14T10:01:16+00:00\" \/>\n<meta property=\"og:image\" content=\"https:\/\/www.hotel-boehler.com\/wp-content\/uploads\/2024\/08\/www.hotel-boehler.com_.png\" \/>\n\t<meta property=\"og:image:width\" content=\"1920\" \/>\n\t<meta property=\"og:image:height\" content=\"1080\" \/>\n\t<meta property=\"og:image:type\" content=\"image\/png\" \/>\n<meta name=\"twitter:card\" content=\"summary_large_image\" \/>\n<meta name=\"twitter:label1\" content=\"Est. reading time\" \/>\n\t<meta name=\"twitter:data1\" content=\"3 minutes\" \/>\n<script type=\"application\/ld+json\" class=\"yoast-schema-graph\">{\"@context\":\"https:\\\/\\\/schema.org\",\"@graph\":[{\"@type\":\"WebPage\",\"@id\":\"https:\\\/\\\/www.hotel-boehler.com\\\/en\\\/imprint\\\/\",\"url\":\"https:\\\/\\\/www.hotel-boehler.com\\\/en\\\/imprint\\\/\",\"name\":\"Imprint - Hotel B\u00f6hler\",\"isPartOf\":{\"@id\":\"https:\\\/\\\/www.hotel-boehler.com\\\/#website\"},\"datePublished\":\"2024-05-15T06:41:32+00:00\",\"dateModified\":\"2024-08-14T10:01:16+00:00\",\"description\":\"Here you will find the imprint of the Hotel B\u00f6hler in B\u00f6blingen. This includes all important and necessary information about the hotel.\",\"breadcrumb\":{\"@id\":\"https:\\\/\\\/www.hotel-boehler.com\\\/en\\\/imprint\\\/#breadcrumb\"},\"inLanguage\":\"en-US\",\"potentialAction\":[{\"@type\":\"ReadAction\",\"target\":[\"https:\\\/\\\/www.hotel-boehler.com\\\/en\\\/imprint\\\/\"]}]},{\"@type\":\"BreadcrumbList\",\"@id\":\"https:\\\/\\\/www.hotel-boehler.com\\\/en\\\/imprint\\\/#breadcrumb\",\"itemListElement\":[{\"@type\":\"ListItem\",\"position\":1,\"name\":\"Startseite\",\"item\":\"https:\\\/\\\/www.hotel-boehler.com\\\/en\\\/\"},{\"@type\":\"ListItem\",\"position\":2,\"name\":\"Imprint\"}]},{\"@type\":\"WebSite\",\"@id\":\"https:\\\/\\\/www.hotel-boehler.com\\\/#website\",\"url\":\"https:\\\/\\\/www.hotel-boehler.com\\\/\",\"name\":\"Hotel B\u00f6hler\",\"description\":\"Nicht zu Hause und doch daheim.\",\"publisher\":{\"@id\":\"https:\\\/\\\/www.hotel-boehler.com\\\/#organization\"},\"alternateName\":\"Hotel B\u00f6blingen\",\"potentialAction\":[{\"@type\":\"SearchAction\",\"target\":{\"@type\":\"EntryPoint\",\"urlTemplate\":\"https:\\\/\\\/www.hotel-boehler.com\\\/?s={search_term_string}\"},\"query-input\":{\"@type\":\"PropertyValueSpecification\",\"valueRequired\":true,\"valueName\":\"search_term_string\"}}],\"inLanguage\":\"en-US\"},{\"@type\":\"Organization\",\"@id\":\"https:\\\/\\\/www.hotel-boehler.com\\\/#organization\",\"name\":\"Hotel B\u00f6hler\",\"url\":\"https:\\\/\\\/www.hotel-boehler.com\\\/\",\"logo\":{\"@type\":\"ImageObject\",\"inLanguage\":\"en-US\",\"@id\":\"https:\\\/\\\/www.hotel-boehler.com\\\/#\\\/schema\\\/logo\\\/image\\\/\",\"url\":\"https:\\\/\\\/www.hotel-boehler.com\\\/wp-content\\\/uploads\\\/2024\\\/04\\\/Hotel-Boehler_Logo.svg\",\"contentUrl\":\"https:\\\/\\\/www.hotel-boehler.com\\\/wp-content\\\/uploads\\\/2024\\\/04\\\/Hotel-Boehler_Logo.svg\",\"width\":1,\"height\":1,\"caption\":\"Hotel B\u00f6hler\"},\"image\":{\"@id\":\"https:\\\/\\\/www.hotel-boehler.com\\\/#\\\/schema\\\/logo\\\/image\\\/\"},\"sameAs\":[\"https:\\\/\\\/de-de.facebook.com\\\/boehlerampostplatz\\\/\",\"https:\\\/\\\/www.instagram.com\\\/hotel.boehler\\\/\",\"https:\\\/\\\/de.linkedin.com\\\/in\\\/boehler-hotel-86ba775b\"]}]}<\/script>\n<!-- \/ Yoast SEO plugin. -->","yoast_head_json":{"title":"Imprint - Hotel B\u00f6hler","description":"Here you will find the imprint of the Hotel B\u00f6hler in B\u00f6blingen. This includes all important and necessary information about the hotel.","robots":{"index":"index","follow":"follow","max-snippet":"max-snippet:-1","max-image-preview":"max-image-preview:large","max-video-preview":"max-video-preview:-1"},"canonical":"https:\/\/www.hotel-boehler.com\/en\/imprint\/","og_locale":"en_US","og_type":"article","og_title":"Imprint - Hotel B\u00f6hler","og_description":"Here you will find the imprint of the Hotel B\u00f6hler in B\u00f6blingen. This includes all important and necessary information about the hotel.","og_site_name":"Hotel B\u00f6hler","article_publisher":"https:\/\/de-de.facebook.com\/boehlerampostplatz\/","article_modified_time":"2024-08-14T10:01:16+00:00","og_image":[{"width":1920,"height":1080,"url":"https:\/\/www.hotel-boehler.com\/wp-content\/uploads\/2024\/08\/www.hotel-boehler.com_.png","type":"image\/png"}],"twitter_card":"summary_large_image","twitter_misc":{"Est. reading time":"3 minutes"},"schema":{"@context":"https:\/\/schema.org","@graph":[{"@type":"WebPage","@id":"https:\/\/www.hotel-boehler.com\/en\/imprint\/","url":"https:\/\/www.hotel-boehler.com\/en\/imprint\/","name":"Imprint - Hotel B\u00f6hler","isPartOf":{"@id":"https:\/\/www.hotel-boehler.com\/#website"},"datePublished":"2024-05-15T06:41:32+00:00","dateModified":"2024-08-14T10:01:16+00:00","description":"Here you will find the imprint of the Hotel B\u00f6hler in B\u00f6blingen. This includes all important and necessary information about the hotel.","breadcrumb":{"@id":"https:\/\/www.hotel-boehler.com\/en\/imprint\/#breadcrumb"},"inLanguage":"en-US","potentialAction":[{"@type":"ReadAction","target":["https:\/\/www.hotel-boehler.com\/en\/imprint\/"]}]},{"@type":"BreadcrumbList","@id":"https:\/\/www.hotel-boehler.com\/en\/imprint\/#breadcrumb","itemListElement":[{"@type":"ListItem","position":1,"name":"Startseite","item":"https:\/\/www.hotel-boehler.com\/en\/"},{"@type":"ListItem","position":2,"name":"Imprint"}]},{"@type":"WebSite","@id":"https:\/\/www.hotel-boehler.com\/#website","url":"https:\/\/www.hotel-boehler.com\/","name":"Hotel B\u00f6hler","description":"Nicht zu Hause und doch daheim.","publisher":{"@id":"https:\/\/www.hotel-boehler.com\/#organization"},"alternateName":"Hotel B\u00f6blingen","potentialAction":[{"@type":"SearchAction","target":{"@type":"EntryPoint","urlTemplate":"https:\/\/www.hotel-boehler.com\/?s={search_term_string}"},"query-input":{"@type":"PropertyValueSpecification","valueRequired":true,"valueName":"search_term_string"}}],"inLanguage":"en-US"},{"@type":"Organization","@id":"https:\/\/www.hotel-boehler.com\/#organization","name":"Hotel B\u00f6hler","url":"https:\/\/www.hotel-boehler.com\/","logo":{"@type":"ImageObject","inLanguage":"en-US","@id":"https:\/\/www.hotel-boehler.com\/#\/schema\/logo\/image\/","url":"https:\/\/www.hotel-boehler.com\/wp-content\/uploads\/2024\/04\/Hotel-Boehler_Logo.svg","contentUrl":"https:\/\/www.hotel-boehler.com\/wp-content\/uploads\/2024\/04\/Hotel-Boehler_Logo.svg","width":1,"height":1,"caption":"Hotel B\u00f6hler"},"image":{"@id":"https:\/\/www.hotel-boehler.com\/#\/schema\/logo\/image\/"},"sameAs":["https:\/\/de-de.facebook.com\/boehlerampostplatz\/","https:\/\/www.instagram.com\/hotel.boehler\/","https:\/\/de.linkedin.com\/in\/boehler-hotel-86ba775b"]}]}},"_links":{"self":[{"href":"https:\/\/www.hotel-boehler.com\/en\/wp-json\/wp\/v2\/pages\/26046089","targetHints":{"allow":["GET"]}}],"collection":[{"href":"https:\/\/www.hotel-boehler.com\/en\/wp-json\/wp\/v2\/pages"}],"about":[{"href":"https:\/\/www.hotel-boehler.com\/en\/wp-json\/wp\/v2\/types\/page"}],"author":[{"embeddable":true,"href":"https:\/\/www.hotel-boehler.com\/en\/wp-json\/wp\/v2\/users\/1"}],"replies":[{"embeddable":true,"href":"https:\/\/www.hotel-boehler.com\/en\/wp-json\/wp\/v2\/comments?post=26046089"}],"version-history":[{"count":0,"href":"https:\/\/www.hotel-boehler.com\/en\/wp-json\/wp\/v2\/pages\/26046089\/revisions"}],"wp:attachment":[{"href":"https:\/\/www.hotel-boehler.com\/en\/wp-json\/wp\/v2\/media?parent=26046089"}],"wp:term":[{"taxonomy":"dipi_cpt_category","embeddable":true,"href":"https:\/\/www.hotel-boehler.com\/en\/wp-json\/wp\/v2\/dipi_cpt_category?post=26046089"}],"curies":[{"name":"wp","href":"https:\/\/api.w.org\/{rel}","templated":true}]}}